{"id":90,"date":"2014-03-06T11:06:26","date_gmt":"2014-03-06T10:06:26","guid":{"rendered":"http:\/\/koradent.eu\/wp\/?page_id=90"},"modified":"2026-03-23T10:09:15","modified_gmt":"2026-03-23T09:09:15","slug":"implanty","status":"publish","type":"page","link":"https:\/\/koradent.eu\/?page_id=90","title":{"rendered":"Implanty"},"content":{"rendered":"<p>Czym s\u0105 implanty dentystyczne?<\/p>\n<p style=\"text-align: justify;\"><a href=\"https:\/\/koradent.eu\/wp\/wp-content\/uploads\/2014\/03\/implant_korzen.jpg\"><img loading=\"lazy\" decoding=\"async\" class=\"alignright wp-image-106 size-full\" src=\"https:\/\/koradent.eu\/wp-content\/uploads\/2014\/03\/implant_korzen.jpg\" alt=\"implant_korzen\" width=\"330\" height=\"308\" srcset=\"https:\/\/koradent.eu\/wp-content\/uploads\/2014\/03\/implant_korzen.jpg 330w, https:\/\/koradent.eu\/wp-content\/uploads\/2014\/03\/implant_korzen-300x280.jpg 300w\" sizes=\"auto, (max-width: 330px) 100vw, 330px\" \/><\/a>Implanty dentystyczne mog\u0105 stanowi\u0107 najlepsz\u0105 alternatywn\u0105 mo\u017cliwo\u015b\u0107 uzupe\u0142niania brak\u00f3w uz\u0119bienia i mocowania protez wykonane z tytanu implanty s\u0105 wszczepiane w ko\u015b\u0107 szcz\u0119ki metodami chirurgicznymi implant pe\u0142ni tak\u0105 rol\u0119 jak\u0105 pe\u0142ni korze\u0144 Pa\u0144stwa brakuj\u0105cego z\u0119ba procedura wszczepiania implant\u00f3w dentystycznych jest przeprowadzana w gabinecie stomatologicznym i wymaga jedynie miejscowego znieczulenia.<\/p>\n","protected":false},"excerpt":{"rendered":"<p>Czym s\u0105 implanty dentystyczne? Implanty dentystyczne mog\u0105 stanowi\u0107 najlepsz\u0105 alternatywn\u0105 mo\u017cliwo\u015b\u0107 uzupe\u0142niania brak\u00f3w uz\u0119bienia i mocowania protez wykonane z tytanu implanty s\u0105 wszczepiane w ko\u015b\u0107 szcz\u0119ki metodami chirurgicznymi implant pe\u0142ni tak\u0105 rol\u0119 jak\u0105 pe\u0142ni korze\u0144 Pa\u0144stwa brakuj\u0105cego z\u0119ba procedura wszczepiania implant\u00f3w dentystycznych jest przeprowadzana w gabinecie stomatologicznym i wymaga jedynie miejscowego znieczulenia.<\/p>\n","protected":false},"author":1,"featured_media":0,"parent":0,"menu_order":4,"comment_status":"closed","ping_status":"closed","template":"","meta":{"_themeisle_gutenberg_block_has_review":false,"footnotes":""},"class_list":["post-90","page","type-page","status-publish","hentry"],"_links":{"self":[{"href":"https:\/\/koradent.eu\/index.php?rest_route=\/wp\/v2\/pages\/90","targetHints":{"allow":["GET"]}}],"collection":[{"href":"https:\/\/koradent.eu\/index.php?rest_route=\/wp\/v2\/pages"}],"about":[{"href":"https:\/\/koradent.eu\/index.php?rest_route=\/wp\/v2\/types\/page"}],"author":[{"embeddable":true,"href":"https:\/\/koradent.eu\/index.php?rest_route=\/wp\/v2\/users\/1"}],"replies":[{"embeddable":true,"href":"https:\/\/koradent.eu\/index.php?rest_route=%2Fwp%2Fv2%2Fcomments&post=90"}],"version-history":[{"count":9,"href":"https:\/\/koradent.eu\/index.php?rest_route=\/wp\/v2\/pages\/90\/revisions"}],"predecessor-version":[{"id":233,"href":"https:\/\/koradent.eu\/index.php?rest_route=\/wp\/v2\/pages\/90\/revisions\/233"}],"wp:attachment":[{"href":"https:\/\/koradent.eu\/index.php?rest_route=%2Fwp%2Fv2%2Fmedia&parent=90"}],"curies":[{"name":"wp","href":"https:\/\/api.w.org\/{rel}","templated":true}]}}