{"id":9,"date":"2014-02-11T20:32:40","date_gmt":"2014-02-11T19:32:40","guid":{"rendered":"http:\/\/koradent.eu\/wp\/?page_id=9"},"modified":"2026-03-23T10:09:55","modified_gmt":"2026-03-23T09:09:55","slug":"cennik","status":"publish","type":"page","link":"https:\/\/koradent.eu\/?page_id=9","title":{"rendered":"Cennik"},"content":{"rendered":"<p><strong>Profilaktyka <\/strong><br \/>\nLakowanie z\u0119b\u00f3w (za jeden z\u0105b) 100,00 z\u0142<br \/>\nZabieg higienizacji ( usuni\u0119cie kamienia naz\u0119bnego, piaskowanie, polerowanie, fluoryzacja) od 290 z\u0142 do 450 z\u0142<br \/>\n<strong>Wype\u0142nienia <\/strong><br \/>\nWype\u0142nienie ubytku 350 z\u0142 &#8211; 550 z\u0142<br \/>\nZnieczulenie do zabiegu 50,00 z\u0142<br \/>\n<strong>Endodoncja<\/strong><br \/>\nDewitalizacja z\u0119ba z opatrunkiem (\u201ezatrucie z\u0119ba\u201d) 200,00 z\u0142<br \/>\nLeczenie kana\u0142owe &#8211; z\u0105b 1 kana\u0142owy 600,00 z\u0142<br \/>\nLeczenie kana\u0142owe &#8211; z\u0105b 2 kana\u0142owy 800,00 z\u0142<br \/>\nLeczenie kana\u0142owe &#8211; z\u0105b 3 kana\u0142owy 1000,00 z\u0142<\/p>\n<p>Leczenie kana\u0142owe &#8211; ka\u017cdy kolejny kana\u0142\u00a0 200,00 z\u0142<\/p>\n<p>Usuni\u0119cie z kana\u0142u z\u0142amanego narz\u0119dzia 200,00 z\u0142<br \/>\n<strong>Chirurgia podstawowa (cena zabiegu obejmuje znieczulenie) <\/strong><br \/>\nNaci\u0119cie ropnia 150,00 z\u0142<br \/>\nUsuni\u0119cie z\u0119ba 300 z\u0142 &#8211; 450 z\u0142<br \/>\n<strong>Chirurgia specjalistyczna (cena zabiegu obejmuje znieczulenie) <\/strong><br \/>\nEkstrakcja chirurgiczna (d\u0142utowanie wewn\u0105trzz\u0119bodo\u0142owe) 500,00<br \/>\nEkstrakcja chirurgiczna (d\u0142utowanie zewn\u0105trzz\u0119bodo\u0142owe) 600,00<br \/>\nUsuni\u0119cie z\u0119ba zatrzymanego 800,00 z\u0142<br \/>\nResekcja wierzcho\u0142ka korzenia 700,00 z\u0142<br \/>\nWy\u0142uszczenie torbieli z\u0119bopochodnej 500,00 z\u0142<br \/>\nSzycie chirurgiczne 100,00 z\u0142<br \/>\n<strong>Implantologia <\/strong><br \/>\nWszczepienie implantu\u00a0 3 000,00 z\u0142<br \/>\nOds\u0142oni\u0119cie implantu\u00a0 \u00a0200,00 z\u0142<br \/>\nKorona protetyczna na implancie\u00a0 3 000,00 z\u0142<br \/>\nPunkt w mo\u015bcie opartym na implantach 2 000,00 z\u0142<br \/>\n<strong>Protetyka <\/strong><br \/>\nWk\u0142ad koronowo-korzeniowy lany (stal) prosty 800,00 z\u0142<br \/>\nWk\u0142ad koronowo-korzeniowy lany (stal) sk\u0142adany 900,00 z\u0142<br \/>\nKorona porcelanowa na stali 1900,00 z\u0142<br \/>\nKorona porcelanowa na cyrkonie 2600,00 z\u0142<br \/>\nProteza szkieletowa 3200,00 z\u0142<br \/>\nProteza osiadaj\u0105ca 2000,00 z\u0142<br \/>\n<strong>Ortodoncja<\/strong><br \/>\nKonsultacja z cefalometri\u0105 200,00 z\u0142<br \/>\nAparat ruchomy 800,00 z\u0142 do 1500,00 z\u0142<br \/>\nAparat sta\u0142y metalowy ligaturowany (\u0142uk) 1950 z\u0142<br \/>\nAparat sta\u0142y metalowy samoligaturuj\u0105cy (\u0142uk) 2800 z\u0142<br \/>\nAparat sta\u0142y estetyczny\u00a0 3500 z\u0142<br \/>\nWizyta kontrolna\u00a0 200,00 z\u0142 do 500,00 z\u0142<\/p>\n<p><em>(Szczeg\u00f3\u0142owy cennik do wgl\u0105du w siedzibie firmy<\/em>)<\/p>\n<p><b>Cena us\u0142ugi mo\u017ce ulec zmianie.<br \/>\n<\/b>Informacje dotycz\u0105ce us\u0142ug \u015bwiadczonych przez Gabinety Dentystyczne KORADENT Sp. z o.o. zawarte na stronie internetowej nie stanowi\u0105 oferty handlowej w rozumieniu art. 66 \u00a7 1 i nast. Kodeksu Cywilnego.<\/p>\n","protected":false},"excerpt":{"rendered":"<p>Profilaktyka Lakowanie z\u0119b\u00f3w (za jeden z\u0105b) 100,00 z\u0142 Zabieg higienizacji ( usuni\u0119cie kamienia naz\u0119bnego, piaskowanie, polerowanie, fluoryzacja) od 290 z\u0142 do 450 z\u0142 Wype\u0142nienia Wype\u0142nienie ubytku 350 z\u0142 &#8211; 550 z\u0142 Znieczulenie do zabiegu 50,00 z\u0142 Endodoncja Dewitalizacja z\u0119ba z opatrunkiem (\u201ezatrucie z\u0119ba\u201d) 200,00 z\u0142 Leczenie kana\u0142owe &#8211; z\u0105b 1 kana\u0142owy 600,00 z\u0142 Leczenie kana\u0142owe &hellip; <a href=\"https:\/\/koradent.eu\/?page_id=9\" class=\"more-link\">Czytaj dalej <span class=\"screen-reader-text\">Cennik<\/span> <span class=\"meta-nav\">&rarr;<\/span><\/a><\/p>\n","protected":false},"author":1,"featured_media":0,"parent":0,"menu_order":6,"comment_status":"closed","ping_status":"closed","template":"","meta":{"_themeisle_gutenberg_block_has_review":false,"footnotes":""},"class_list":["post-9","page","type-page","status-publish","hentry"],"_links":{"self":[{"href":"https:\/\/koradent.eu\/index.php?rest_route=\/wp\/v2\/pages\/9","targetHints":{"allow":["GET"]}}],"collection":[{"href":"https:\/\/koradent.eu\/index.php?rest_route=\/wp\/v2\/pages"}],"about":[{"href":"https:\/\/koradent.eu\/index.php?rest_route=\/wp\/v2\/types\/page"}],"author":[{"embeddable":true,"href":"https:\/\/koradent.eu\/index.php?rest_route=\/wp\/v2\/users\/1"}],"replies":[{"embeddable":true,"href":"https:\/\/koradent.eu\/index.php?rest_route=%2Fwp%2Fv2%2Fcomments&post=9"}],"version-history":[{"count":30,"href":"https:\/\/koradent.eu\/index.php?rest_route=\/wp\/v2\/pages\/9\/revisions"}],"predecessor-version":[{"id":234,"href":"https:\/\/koradent.eu\/index.php?rest_route=\/wp\/v2\/pages\/9\/revisions\/234"}],"wp:attachment":[{"href":"https:\/\/koradent.eu\/index.php?rest_route=%2Fwp%2Fv2%2Fmedia&parent=9"}],"curies":[{"name":"wp","href":"https:\/\/api.w.org\/{rel}","templated":true}]}}