{"id":43,"date":"2014-03-06T10:44:29","date_gmt":"2014-03-06T09:44:29","guid":{"rendered":"http:\/\/koradent.eu\/wp\/?page_id=43"},"modified":"2014-03-06T12:28:02","modified_gmt":"2014-03-06T11:28:02","slug":"certyfikaty","status":"publish","type":"page","link":"https:\/\/koradent.eu\/?page_id=43","title":{"rendered":"Certyfikaty"},"content":{"rendered":"<p>Beata Makowska (Zawi\u015bli\u0144ska)<\/p>\n<div id=\"metaslider-id-45\" style=\"max-width: 600px; margin: 0 auto;\" class=\"ml-slider-3-99-0 metaslider metaslider-flex metaslider-45 ml-slider ms-theme-default nav-hidden\" role=\"region\" aria-label=\"certyfikaty_batat\" data-width=\"600\">\n    <div id=\"metaslider_container_45\">\n        <div id=\"metaslider_45\" class=\"flexslider\">\n            <ul class='slides'>\n                <li style=\"display: block; width: 100%;\" class=\"slide-46 ms-image \" aria-roledescription=\"slide\" data-date=\"2014-03-06 10:45:39\"><img loading=\"lazy\" decoding=\"async\" src=\"https:\/\/koradent.eu\/wp-content\/uploads\/2014\/03\/beata1_m-600x600.jpg\" height=\"600\" width=\"600\" alt=\"\" class=\"slider-45 slide-46 msDefaultImage\" \/><\/li>\n                <li style=\"display: none; width: 100%;\" class=\"slide-47 ms-image \" aria-roledescription=\"slide\" data-date=\"2014-03-06 10:45:41\"><img loading=\"lazy\" decoding=\"async\" src=\"https:\/\/koradent.eu\/wp-content\/uploads\/2014\/03\/beata2_m-600x600.jpg\" height=\"600\" width=\"600\" alt=\"\" class=\"slider-45 slide-47 msDefaultImage\" \/><\/li>\n                <li style=\"display: none; width: 100%;\" class=\"slide-48 ms-image \" aria-roledescription=\"slide\" data-date=\"2014-03-06 10:45:42\"><img loading=\"lazy\" decoding=\"async\" src=\"https:\/\/koradent.eu\/wp-content\/uploads\/2014\/03\/beata3_m-600x600.jpg\" height=\"600\" width=\"600\" alt=\"\" class=\"slider-45 slide-48 msDefaultImage\" \/><\/li>\n                <li style=\"display: none; width: 100%;\" class=\"slide-49 ms-image \" aria-roledescription=\"slide\" data-date=\"2014-03-06 10:45:43\"><img loading=\"lazy\" decoding=\"async\" src=\"https:\/\/koradent.eu\/wp-content\/uploads\/2014\/03\/beata4_m-600x600.jpg\" height=\"600\" width=\"600\" alt=\"\" class=\"slider-45 slide-49 msDefaultImage\" \/><\/li>\n                <li style=\"display: none; width: 100%;\" class=\"slide-50 ms-image \" aria-roledescription=\"slide\" data-date=\"2014-03-06 10:45:44\"><img loading=\"lazy\" decoding=\"async\" src=\"https:\/\/koradent.eu\/wp-content\/uploads\/2014\/03\/beata5_m-600x600.jpg\" height=\"600\" width=\"600\" alt=\"\" class=\"slider-45 slide-50 msDefaultImage\" \/><\/li>\n                <li style=\"display: none; width: 100%;\" class=\"slide-51 ms-image \" aria-roledescription=\"slide\" data-date=\"2014-03-06 10:45:45\"><img loading=\"lazy\" decoding=\"async\" src=\"https:\/\/koradent.eu\/wp-content\/uploads\/2014\/03\/beata6_m-600x600.jpg\" height=\"600\" width=\"600\" alt=\"\" class=\"slider-45 slide-51 msDefaultImage\" \/><\/li>\n                <li style=\"display: none; width: 100%;\" class=\"slide-52 ms-image \" aria-roledescription=\"slide\" data-date=\"2014-03-06 10:45:46\"><img loading=\"lazy\" decoding=\"async\" src=\"https:\/\/koradent.eu\/wp-content\/uploads\/2014\/03\/beata7_m-600x600.jpg\" height=\"600\" width=\"600\" alt=\"\" class=\"slider-45 slide-52 msDefaultImage\" \/><\/li>\n                <li style=\"display: none; width: 100%;\" class=\"slide-53 ms-image \" aria-roledescription=\"slide\" data-date=\"2014-03-06 10:45:47\"><img loading=\"lazy\" decoding=\"async\" src=\"https:\/\/koradent.eu\/wp-content\/uploads\/2014\/03\/beata8_m-600x600.jpg\" height=\"600\" width=\"600\" alt=\"\" class=\"slider-45 slide-53 msDefaultImage\" \/><\/li>\n                <li style=\"display: none; width: 100%;\" class=\"slide-54 ms-image \" aria-roledescription=\"slide\" data-date=\"2014-03-06 10:45:48\"><img loading=\"lazy\" decoding=\"async\" src=\"https:\/\/koradent.eu\/wp-content\/uploads\/2014\/03\/beata9_m-600x600.jpg\" height=\"600\" width=\"600\" alt=\"\" class=\"slider-45 slide-54 msDefaultImage\" \/><\/li>\n                <li style=\"display: none; width: 100%;\" class=\"slide-55 ms-image \" aria-roledescription=\"slide\" data-date=\"2014-03-06 10:45:49\"><img loading=\"lazy\" decoding=\"async\" src=\"https:\/\/koradent.eu\/wp-content\/uploads\/2014\/03\/beata10_m-600x600.jpg\" height=\"600\" width=\"600\" alt=\"\" class=\"slider-45 slide-55 msDefaultImage\" \/><\/li>\n                <li style=\"display: none; width: 100%;\" class=\"slide-56 ms-image \" aria-roledescription=\"slide\" data-date=\"2014-03-06 10:45:51\"><img loading=\"lazy\" decoding=\"async\" src=\"https:\/\/koradent.eu\/wp-content\/uploads\/2014\/03\/beata11_m-600x600.jpg\" height=\"600\" width=\"600\" alt=\"\" class=\"slider-45 slide-56 msDefaultImage\" \/><\/li>\n                <li style=\"display: none; width: 100%;\" class=\"slide-57 ms-image \" aria-roledescription=\"slide\" data-date=\"2014-03-06 10:45:52\"><img loading=\"lazy\" decoding=\"async\" src=\"https:\/\/koradent.eu\/wp-content\/uploads\/2014\/03\/beata12_m-600x600.jpg\" height=\"600\" width=\"600\" alt=\"\" class=\"slider-45 slide-57 msDefaultImage\" \/><\/li>\n                <li style=\"display: none; width: 100%;\" class=\"slide-58 ms-image \" aria-roledescription=\"slide\" data-date=\"2014-03-06 10:45:53\"><img loading=\"lazy\" decoding=\"async\" src=\"https:\/\/koradent.eu\/wp-content\/uploads\/2014\/03\/beata13_m-600x600.jpg\" height=\"600\" width=\"600\" alt=\"\" class=\"slider-45 slide-58 msDefaultImage\" \/><\/li>\n                <li style=\"display: none; width: 100%;\" class=\"slide-59 ms-image \" aria-roledescription=\"slide\" data-date=\"2014-03-06 10:45:54\"><img loading=\"lazy\" decoding=\"async\" src=\"https:\/\/koradent.eu\/wp-content\/uploads\/2014\/03\/beata14_m-600x600.jpg\" height=\"600\" width=\"600\" alt=\"\" class=\"slider-45 slide-59 msDefaultImage\" \/><\/li>\n                <li style=\"display: none; width: 100%;\" class=\"slide-60 ms-image \" aria-roledescription=\"slide\" data-date=\"2014-03-06 10:45:55\"><img loading=\"lazy\" decoding=\"async\" src=\"https:\/\/koradent.eu\/wp-content\/uploads\/2014\/03\/beata15_m-600x600.jpg\" height=\"600\" width=\"600\" alt=\"\" class=\"slider-45 slide-60 msDefaultImage\" \/><\/li>\n                <li style=\"display: none; width: 100%;\" class=\"slide-61 ms-image \" aria-roledescription=\"slide\" data-date=\"2014-03-06 10:45:56\"><img loading=\"lazy\" decoding=\"async\" src=\"https:\/\/koradent.eu\/wp-content\/uploads\/2014\/03\/beata16_m-600x600.jpg\" height=\"600\" width=\"600\" alt=\"\" class=\"slider-45 slide-61 msDefaultImage\" \/><\/li>\n                <li style=\"display: none; width: 100%;\" class=\"slide-62 ms-image \" aria-roledescription=\"slide\" data-date=\"2014-03-06 10:45:58\"><img loading=\"lazy\" decoding=\"async\" src=\"https:\/\/koradent.eu\/wp-content\/uploads\/2014\/03\/beata17_m-600x600.jpg\" height=\"600\" width=\"600\" alt=\"\" class=\"slider-45 slide-62 msDefaultImage\" \/><\/li>\n            <\/ul>\n        <\/div>\n        \n    <\/div>\n<\/div>\n<p>Anna \u0141asi\u0144ska<\/p>\n<div id=\"metaslider-id-64\" style=\"max-width: 600px; margin: 0 auto;\" class=\"ml-slider-3-99-0 metaslider metaslider-flex metaslider-64 ml-slider ms-theme-default nav-hidden nav-hidden\" role=\"region\" aria-label=\"certyfikaty_ania\" data-width=\"600\">\n    <div id=\"metaslider_container_64\">\n        <div id=\"metaslider_64\" class=\"flexslider\">\n            <ul class='slides'>\n                <li style=\"display: block; width: 100%;\" class=\"slide-65 ms-image \" aria-roledescription=\"slide\" data-date=\"2014-03-06 10:54:22\"><img loading=\"lazy\" decoding=\"async\" src=\"https:\/\/koradent.eu\/wp-content\/uploads\/2014\/03\/ania1_m-600x600.jpg\" height=\"600\" width=\"600\" alt=\"\" class=\"slider-64 slide-65 msDefaultImage\" \/><\/li>\n                <li style=\"display: none; width: 100%;\" class=\"slide-66 ms-image \" aria-roledescription=\"slide\" data-date=\"2014-03-06 10:54:24\"><img loading=\"lazy\" decoding=\"async\" src=\"https:\/\/koradent.eu\/wp-content\/uploads\/2014\/03\/ania2_m-600x600.jpg\" height=\"600\" width=\"600\" alt=\"\" class=\"slider-64 slide-66 msDefaultImage\" \/><\/li>\n                <li style=\"display: none; width: 100%;\" class=\"slide-67 ms-image \" aria-roledescription=\"slide\" data-date=\"2014-03-06 10:54:25\"><img loading=\"lazy\" decoding=\"async\" src=\"https:\/\/koradent.eu\/wp-content\/uploads\/2014\/03\/ania3_m-600x600.jpg\" height=\"600\" width=\"600\" alt=\"\" class=\"slider-64 slide-67 msDefaultImage\" \/><\/li>\n                <li style=\"display: none; width: 100%;\" class=\"slide-68 ms-image \" aria-roledescription=\"slide\" data-date=\"2014-03-06 10:54:27\"><img loading=\"lazy\" decoding=\"async\" src=\"https:\/\/koradent.eu\/wp-content\/uploads\/2014\/03\/ania4_m-600x600.jpg\" height=\"600\" width=\"600\" alt=\"\" class=\"slider-64 slide-68 msDefaultImage\" \/><\/li>\n                <li style=\"display: none; width: 100%;\" class=\"slide-69 ms-image \" aria-roledescription=\"slide\" data-date=\"2014-03-06 10:54:28\"><img loading=\"lazy\" decoding=\"async\" src=\"https:\/\/koradent.eu\/wp-content\/uploads\/2014\/03\/ania5_m-600x600.jpg\" height=\"600\" width=\"600\" alt=\"\" class=\"slider-64 slide-69 msDefaultImage\" \/><\/li>\n                <li style=\"display: none; width: 100%;\" class=\"slide-70 ms-image \" aria-roledescription=\"slide\" data-date=\"2014-03-06 10:54:30\"><img loading=\"lazy\" decoding=\"async\" src=\"https:\/\/koradent.eu\/wp-content\/uploads\/2014\/03\/ania6_m-600x600.jpg\" height=\"600\" width=\"600\" alt=\"\" class=\"slider-64 slide-70 msDefaultImage\" \/><\/li>\n                <li style=\"display: none; width: 100%;\" class=\"slide-71 ms-image \" aria-roledescription=\"slide\" data-date=\"2014-03-06 10:54:31\"><img loading=\"lazy\" decoding=\"async\" src=\"https:\/\/koradent.eu\/wp-content\/uploads\/2014\/03\/ania7_m-600x600.jpg\" height=\"600\" width=\"600\" alt=\"\" class=\"slider-64 slide-71 msDefaultImage\" \/><\/li>\n                <li style=\"display: none; width: 100%;\" class=\"slide-72 ms-image \" aria-roledescription=\"slide\" data-date=\"2014-03-06 10:54:32\"><img loading=\"lazy\" decoding=\"async\" src=\"https:\/\/koradent.eu\/wp-content\/uploads\/2014\/03\/ania8_m-600x600.jpg\" height=\"600\" width=\"600\" alt=\"\" class=\"slider-64 slide-72 msDefaultImage\" \/><\/li>\n                <li style=\"display: none; width: 100%;\" class=\"slide-73 ms-image \" aria-roledescription=\"slide\" data-date=\"2014-03-06 10:54:34\"><img loading=\"lazy\" decoding=\"async\" src=\"https:\/\/koradent.eu\/wp-content\/uploads\/2014\/03\/ania9_m-600x600.jpg\" height=\"600\" width=\"600\" alt=\"\" class=\"slider-64 slide-73 msDefaultImage\" \/><\/li>\n                <li style=\"display: none; width: 100%;\" class=\"slide-74 ms-image \" aria-roledescription=\"slide\" data-date=\"2014-03-06 10:54:35\"><img loading=\"lazy\" decoding=\"async\" src=\"https:\/\/koradent.eu\/wp-content\/uploads\/2014\/03\/ania10_m-600x600.jpg\" height=\"600\" width=\"600\" alt=\"\" class=\"slider-64 slide-74 msDefaultImage\" \/><\/li>\n                <li style=\"display: none; width: 100%;\" class=\"slide-75 ms-image \" aria-roledescription=\"slide\" data-date=\"2014-03-06 10:54:37\"><img loading=\"lazy\" decoding=\"async\" src=\"https:\/\/koradent.eu\/wp-content\/uploads\/2014\/03\/ania11_m-600x600.jpg\" height=\"600\" width=\"600\" alt=\"\" class=\"slider-64 slide-75 msDefaultImage\" \/><\/li>\n                <li style=\"display: none; width: 100%;\" class=\"slide-76 ms-image \" aria-roledescription=\"slide\" data-date=\"2014-03-06 10:54:38\"><img loading=\"lazy\" decoding=\"async\" src=\"https:\/\/koradent.eu\/wp-content\/uploads\/2014\/03\/ania12_m-600x600.jpg\" height=\"600\" width=\"600\" alt=\"\" class=\"slider-64 slide-76 msDefaultImage\" \/><\/li>\n                <li style=\"display: none; width: 100%;\" class=\"slide-77 ms-image \" aria-roledescription=\"slide\" data-date=\"2014-03-06 10:54:39\"><img loading=\"lazy\" decoding=\"async\" src=\"https:\/\/koradent.eu\/wp-content\/uploads\/2014\/03\/ania13_m-600x600.jpg\" height=\"600\" width=\"600\" alt=\"\" class=\"slider-64 slide-77 msDefaultImage\" \/><\/li>\n                <li style=\"display: none; width: 100%;\" class=\"slide-78 ms-image \" aria-roledescription=\"slide\" data-date=\"2014-03-06 10:54:40\"><img loading=\"lazy\" decoding=\"async\" src=\"https:\/\/koradent.eu\/wp-content\/uploads\/2014\/03\/ania14_m-600x600.jpg\" height=\"600\" width=\"600\" alt=\"\" class=\"slider-64 slide-78 msDefaultImage\" \/><\/li>\n                <li style=\"display: none; width: 100%;\" class=\"slide-79 ms-image \" aria-roledescription=\"slide\" data-date=\"2014-03-06 10:54:41\"><img loading=\"lazy\" decoding=\"async\" src=\"https:\/\/koradent.eu\/wp-content\/uploads\/2014\/03\/ania15_m-600x600.jpg\" height=\"600\" width=\"600\" alt=\"\" class=\"slider-64 slide-79 msDefaultImage\" \/><\/li>\n                <li style=\"display: none; width: 100%;\" class=\"slide-80 ms-image \" aria-roledescription=\"slide\" data-date=\"2014-03-06 10:54:42\"><img loading=\"lazy\" decoding=\"async\" src=\"https:\/\/koradent.eu\/wp-content\/uploads\/2014\/03\/ania16_m-600x600.jpg\" height=\"600\" width=\"600\" alt=\"\" class=\"slider-64 slide-80 msDefaultImage\" \/><\/li>\n                <li style=\"display: none; width: 100%;\" class=\"slide-81 ms-image \" aria-roledescription=\"slide\" data-date=\"2014-03-06 10:54:43\"><img loading=\"lazy\" decoding=\"async\" src=\"https:\/\/koradent.eu\/wp-content\/uploads\/2014\/03\/ania17_m-600x600.jpg\" height=\"600\" width=\"600\" alt=\"\" class=\"slider-64 slide-81 msDefaultImage\" \/><\/li>\n                <li style=\"display: none; width: 100%;\" class=\"slide-82 ms-image \" aria-roledescription=\"slide\" data-date=\"2014-03-06 10:54:44\"><img loading=\"lazy\" decoding=\"async\" src=\"https:\/\/koradent.eu\/wp-content\/uploads\/2014\/03\/ania18_m-600x600.jpg\" height=\"600\" width=\"600\" alt=\"\" class=\"slider-64 slide-82 msDefaultImage\" \/><\/li>\n            <\/ul>\n        <\/div>\n        \n    <\/div>\n<\/div>\n<p>Piotr \u0141asi\u0144ski<\/p>\n<div id=\"metaslider-id-84\" style=\"max-width: 540px; margin: 0 auto;\" class=\"ml-slider-3-99-0 metaslider metaslider-flex metaslider-84 ml-slider ms-theme-default nav-hidden nav-hidden nav-hidden\" role=\"region\" aria-label=\"certyfikaty_piotr\" data-width=\"540\">\n    <div id=\"metaslider_container_84\">\n        <div id=\"metaslider_84\" class=\"flexslider\">\n            <ul class='slides'>\n                <li style=\"display: block; width: 100%;\" class=\"slide-85 ms-image \" aria-roledescription=\"slide\" data-date=\"2014-03-06 10:57:39\"><img loading=\"lazy\" decoding=\"async\" src=\"https:\/\/koradent.eu\/wp-content\/uploads\/2014\/03\/piotr1_m-540x360.jpg\" height=\"360\" width=\"540\" alt=\"\" class=\"slider-84 slide-85 msDefaultImage\" \/><\/li>\n                <li style=\"display: none; width: 100%;\" class=\"slide-86 ms-image \" aria-roledescription=\"slide\" data-date=\"2014-03-06 10:57:41\"><img loading=\"lazy\" decoding=\"async\" src=\"https:\/\/koradent.eu\/wp-content\/uploads\/2014\/03\/piotr2_m-540x360.jpg\" height=\"360\" width=\"540\" alt=\"\" class=\"slider-84 slide-86 msDefaultImage\" \/><\/li>\n                <li style=\"display: none; width: 100%;\" class=\"slide-87 ms-image \" aria-roledescription=\"slide\" data-date=\"2014-03-06 10:57:42\"><img loading=\"lazy\" decoding=\"async\" src=\"https:\/\/koradent.eu\/wp-content\/uploads\/2014\/03\/piotr3_m-540x360.jpg\" height=\"360\" width=\"540\" alt=\"\" class=\"slider-84 slide-87 msDefaultImage\" \/><\/li>\n                <li style=\"display: none; width: 100%;\" class=\"slide-88 ms-image \" aria-roledescription=\"slide\" data-date=\"2014-03-06 10:57:44\"><img loading=\"lazy\" decoding=\"async\" src=\"https:\/\/koradent.eu\/wp-content\/uploads\/2014\/03\/piotr4_m-540x360.jpg\" height=\"360\" width=\"540\" alt=\"\" class=\"slider-84 slide-88 msDefaultImage\" \/><\/li>\n            <\/ul>\n        <\/div>\n        \n    <\/div>\n<\/div>\n","protected":false},"excerpt":{"rendered":"<p>Beata Makowska (Zawi\u015bli\u0144ska) Anna \u0141asi\u0144ska Piotr \u0141asi\u0144ski<\/p>\n","protected":false},"author":1,"featured_media":0,"parent":0,"menu_order":3,"comment_status":"closed","ping_status":"closed","template":"","meta":{"_themeisle_gutenberg_block_has_review":false,"footnotes":""},"class_list":["post-43","page","type-page","status-publish","hentry"],"_links":{"self":[{"href":"https:\/\/koradent.eu\/index.php?rest_route=\/wp\/v2\/pages\/43","targetHints":{"allow":["GET"]}}],"collection":[{"href":"https:\/\/koradent.eu\/index.php?rest_route=\/wp\/v2\/pages"}],"about":[{"href":"https:\/\/koradent.eu\/index.php?rest_route=\/wp\/v2\/types\/page"}],"author":[{"embeddable":true,"href":"https:\/\/koradent.eu\/index.php?rest_route=\/wp\/v2\/users\/1"}],"replies":[{"embeddable":true,"href":"https:\/\/koradent.eu\/index.php?rest_route=%2Fwp%2Fv2%2Fcomments&post=43"}],"version-history":[{"count":4,"href":"https:\/\/koradent.eu\/index.php?rest_route=\/wp\/v2\/pages\/43\/revisions"}],"predecessor-version":[{"id":104,"href":"https:\/\/koradent.eu\/index.php?rest_route=\/wp\/v2\/pages\/43\/revisions\/104"}],"wp:attachment":[{"href":"https:\/\/koradent.eu\/index.php?rest_route=%2Fwp%2Fv2%2Fmedia&parent=43"}],"curies":[{"name":"wp","href":"https:\/\/api.w.org\/{rel}","templated":true}]}}