{"id":2,"date":"2014-02-11T19:28:45","date_gmt":"2014-02-11T18:28:45","guid":{"rendered":"http:\/\/koradent.eu\/wp\/?page_id=2"},"modified":"2020-06-17T12:04:43","modified_gmt":"2020-06-17T10:04:43","slug":"przykladowa-strona","status":"publish","type":"page","link":"https:\/\/koradent.eu\/","title":{"rendered":"O nas"},"content":{"rendered":"<h2 style=\"text-align: center;\">Koradent Gabinety Dentystyczne<\/h2>\n<p style=\"text-align: center;\">\n<p style=\"text-align: center;\">Zapraszamy Pa\u0144stwa do Gabinet\u00f3w Dentystycznych Koradent, gdzie w mi\u0142ej i kameralnej atmosferze znajdziecie Pa\u0144stwo kompleksow\u0105 opiek\u0119 stomatologiczn\u0105 o najwy\u017cszym \u015bwiatowym standardzie.<\/p>\n<div id=\"metaslider-id-32\" style=\"max-width: 540px;\" class=\"ml-slider-3-99-0 metaslider metaslider-flex metaslider-32 ml-slider ms-theme-default nav-hidden\" role=\"region\" aria-label=\"home\" data-width=\"540\">\n    <div id=\"metaslider_container_32\">\n        <div id=\"metaslider_32\" class=\"flexslider\">\n            <ul class='slides'>\n                <li style=\"display: block; width: 100%;\" class=\"slide-34 ms-image \" aria-roledescription=\"slide\" data-date=\"2014-03-06 10:26:56\"><img loading=\"lazy\" decoding=\"async\" src=\"https:\/\/koradent.eu\/wp-content\/uploads\/2014\/03\/gabinet1.jpg\" height=\"360\" width=\"540\" alt=\"\" class=\"slider-32 slide-34 msDefaultImage\" \/><\/li>\n                <li style=\"display: none; width: 100%;\" class=\"slide-35 ms-image \" aria-roledescription=\"slide\" data-date=\"2014-03-06 10:26:57\"><img loading=\"lazy\" decoding=\"async\" src=\"https:\/\/koradent.eu\/wp-content\/uploads\/2014\/03\/gabinet2.jpg\" height=\"360\" width=\"540\" alt=\"\" class=\"slider-32 slide-35 msDefaultImage\" \/><\/li>\n                <li style=\"display: none; width: 100%;\" class=\"slide-36 ms-image \" aria-roledescription=\"slide\" data-date=\"2014-03-06 10:26:59\"><img loading=\"lazy\" decoding=\"async\" src=\"https:\/\/koradent.eu\/wp-content\/uploads\/2014\/03\/poczekalnia.jpg\" height=\"360\" width=\"540\" alt=\"\" class=\"slider-32 slide-36 msDefaultImage\" \/><\/li>\n            <\/ul>\n        <\/div>\n        \n    <\/div>\n<\/div>\n<p style=\"text-align: center;\"><strong><br \/>\nZakres naszych us\u0142ug<\/strong>:<br \/>\nprofilaktyka<br \/>\nstomatologia zachowawcza<br \/>\nstomatologia estetyczna<br \/>\nstomatologia dzieci\u0119ca<br \/>\nchirurgia<br \/>\nprotetyka<br \/>\nimplanty<br \/>\nortodoncja<\/p>\n<div class=\"_4u-c _1wfr _9hq\" style=\"padding: 0px 0px 0px 12px; position: relative; color: #1d2129; font-family: 'Helvetica Neue', 'Segoe UI', Helvetica, Arial, sans-serif; font-size: 14px; height: 527px;\">\n<div class=\"_5f0v uiScrollableArea fade contentBefore\" style=\"outline: none; direction: ltr; height: 527px; overflow: hidden; position: relative;\" tabindex=\"0\">\n<div class=\"uiScrollableAreaWrap scrollable\" id=\"js_14j\" style=\"overflow: hidden scroll; height: 527px; outline: none; position: relative; margin-right: -30px; padding-right: 30px; overscroll-behavior: contain contain;\">\n<div class=\"uiScrollableAreaBody\" style=\"direction: ltr; position: relative; margin-right: -17px;\">\n<div class=\"uiScrollableAreaContent\">\n<div class=\"__i_\" style=\"margin: 0px 10px 0px 0px; padding: 0px 20px 0px 0px; position: relative;\" role=\"region\">\n<div id=\"js_1\"><\/div>\n<div class=\"clearfix _17pz\" style=\"zoom: 1; margin: 0px;\"><iframe style=\"border-width: initial; border-style: none; display: block; height: 527px; margin: 0px; padding: 0px; width: 681.375px; opacity: 0;\" tabindex=\"-1\" height=\"240\" width=\"320\"><\/iframe><\/div>\n<\/div>\n<\/div>\n<\/div>\n<\/div>\n<\/div>\n<\/div>\n","protected":false},"excerpt":{"rendered":"<p>Koradent Gabinety Dentystyczne Zapraszamy Pa\u0144stwa do Gabinet\u00f3w Dentystycznych Koradent, gdzie w mi\u0142ej i kameralnej atmosferze znajdziecie Pa\u0144stwo kompleksow\u0105 opiek\u0119 stomatologiczn\u0105 o najwy\u017cszym \u015bwiatowym standardzie. Zakres naszych us\u0142ug: profilaktyka stomatologia zachowawcza stomatologia estetyczna stomatologia dzieci\u0119ca chirurgia protetyka implanty ortodoncja<\/p>\n","protected":false},"author":1,"featured_media":0,"parent":0,"menu_order":1,"comment_status":"closed","ping_status":"closed","template":"","meta":{"_themeisle_gutenberg_block_has_review":false,"footnotes":""},"class_list":["post-2","page","type-page","status-publish","hentry"],"_links":{"self":[{"href":"https:\/\/koradent.eu\/index.php?rest_route=\/wp\/v2\/pages\/2","targetHints":{"allow":["GET"]}}],"collection":[{"href":"https:\/\/koradent.eu\/index.php?rest_route=\/wp\/v2\/pages"}],"about":[{"href":"https:\/\/koradent.eu\/index.php?rest_route=\/wp\/v2\/types\/page"}],"author":[{"embeddable":true,"href":"https:\/\/koradent.eu\/index.php?rest_route=\/wp\/v2\/users\/1"}],"replies":[{"embeddable":true,"href":"https:\/\/koradent.eu\/index.php?rest_route=%2Fwp%2Fv2%2Fcomments&post=2"}],"version-history":[{"count":25,"href":"https:\/\/koradent.eu\/index.php?rest_route=\/wp\/v2\/pages\/2\/revisions"}],"predecessor-version":[{"id":163,"href":"https:\/\/koradent.eu\/index.php?rest_route=\/wp\/v2\/pages\/2\/revisions\/163"}],"wp:attachment":[{"href":"https:\/\/koradent.eu\/index.php?rest_route=%2Fwp%2Fv2%2Fmedia&parent=2"}],"curies":[{"name":"wp","href":"https:\/\/api.w.org\/{rel}","templated":true}]}}