{"id":175,"date":"2022-01-12T10:30:47","date_gmt":"2022-01-12T09:30:47","guid":{"rendered":"http:\/\/koradent.eu\/?page_id=175"},"modified":"2025-11-14T16:02:56","modified_gmt":"2025-11-14T15:02:56","slug":"informacja-srodowiskowa","status":"publish","type":"page","link":"https:\/\/koradent.eu\/?page_id=175","title":{"rendered":"informacja \u015brodowiskowa"},"content":{"rendered":"<p>Informacja o wp\u0142ywie dzia\u0142alno\u015bci wykonywanej przez jednostk\u0119 organizacyjn\u0105 na zdrowie ludzi i na \u015brodowisko<br \/>\nNazwa jednostki organizacyjnej<br \/>\nGABINETY DENTYSTYCZNE KORADENT SP. Z O.O.<br \/>\nUL. PU\u0141AWSKA 233 LOKAL J, 02-715 WARSZAWA<br \/>\nPodstawa prawna: ustawa Prawo atomowe (Dz.U. 2019 poz. 1792) zgodnie z art. 32c pkt. 2.<\/p>\n<p>Jednostka wykonuje dzia\u0142alno\u015b\u0107 zwi\u0105zan\u0105 z nara\u017ceniem na promieniowanie jonizuj\u0105ce, polegaj\u0105c\u0105 na :<\/p>\n<p>uruchamianiu i stosowaniu urz\u0105dze\u0144 wytwarzaj\u0105cych promieniowanie jonizuj\u0105ce; zezwolenie PWIS (wymieni\u0107 aparaty RTG) :<br \/>\naparat wewn\u0105trzustny MYRAY RX DC, SN: 706000164 \u2013 decyzja 291Z\/2007 z dnia 21.12.2007<br \/>\nuruchamianiu pracowni decyzja PWIS 292Z\/2007 z dnia 21.12.2007<\/p>\n<p>Jednostka prowadzi kontrol\u0119 nara\u017cenia pracownik\u00f3w przy pomocy dawkomierza \u015brodowiskowego<\/p>\n<p>W roku 2024 wskazania dawkomierza wykaza\u0142y \u0142\u0105cznie dawk\u0119 1,14 mGy<\/p>\n<p>Rozporz\u0105dzenie Rady Ministr\u00f3w w sprawie\u00a0dawek granicznych promieniowania jonizuj\u0105cego<br \/>\n(Dz.U z 2005 poz.168) \u2013 dopuszczalna warto\u015b\u0107 nara\u017cenia na promieniowanie jonizuj\u0105ce wynosi:<br \/>\n&#8211; pracownicy: 20mSv\/rok;<br \/>\n&#8211; og\u00f3\u0142 ludno\u015bci : 1mSv\/rok.<\/p>\n<p>Uwaga:<br \/>\nNa podstawie zmierzonych i obliczonych dawek stwierdza si\u0119, \u017ce dzia\u0142alno\u015b\u0107 w minionych 12 miesi\u0105cach nie mia\u0142a negatywnego wp\u0142ywu na zdrowie ludzi i \u015brodowisko.<br \/>\nPracownia nie uwalnia do \u015brodowiska substancji promieniotw\u00f3rczych.<\/p>\n","protected":false},"excerpt":{"rendered":"<p>Informacja o wp\u0142ywie dzia\u0142alno\u015bci wykonywanej przez jednostk\u0119 organizacyjn\u0105 na zdrowie ludzi i na \u015brodowisko Nazwa jednostki organizacyjnej GABINETY DENTYSTYCZNE KORADENT SP. Z O.O. UL. PU\u0141AWSKA 233 LOKAL J, 02-715 WARSZAWA Podstawa prawna: ustawa Prawo atomowe (Dz.U. 2019 poz. 1792) zgodnie z art. 32c pkt. 2. Jednostka wykonuje dzia\u0142alno\u015b\u0107 zwi\u0105zan\u0105 z nara\u017ceniem na promieniowanie jonizuj\u0105ce, polegaj\u0105c\u0105 &hellip; <a href=\"https:\/\/koradent.eu\/?page_id=175\" class=\"more-link\">Czytaj dalej <span class=\"screen-reader-text\">informacja \u015brodowiskowa<\/span> <span class=\"meta-nav\">&rarr;<\/span><\/a><\/p>\n","protected":false},"author":1,"featured_media":0,"parent":0,"menu_order":0,"comment_status":"closed","ping_status":"open","template":"","meta":{"_themeisle_gutenberg_block_has_review":false,"footnotes":""},"class_list":["post-175","page","type-page","status-publish","hentry"],"_links":{"self":[{"href":"https:\/\/koradent.eu\/index.php?rest_route=\/wp\/v2\/pages\/175","targetHints":{"allow":["GET"]}}],"collection":[{"href":"https:\/\/koradent.eu\/index.php?rest_route=\/wp\/v2\/pages"}],"about":[{"href":"https:\/\/koradent.eu\/index.php?rest_route=\/wp\/v2\/types\/page"}],"author":[{"embeddable":true,"href":"https:\/\/koradent.eu\/index.php?rest_route=\/wp\/v2\/users\/1"}],"replies":[{"embeddable":true,"href":"https:\/\/koradent.eu\/index.php?rest_route=%2Fwp%2Fv2%2Fcomments&post=175"}],"version-history":[{"count":3,"href":"https:\/\/koradent.eu\/index.php?rest_route=\/wp\/v2\/pages\/175\/revisions"}],"predecessor-version":[{"id":227,"href":"https:\/\/koradent.eu\/index.php?rest_route=\/wp\/v2\/pages\/175\/revisions\/227"}],"wp:attachment":[{"href":"https:\/\/koradent.eu\/index.php?rest_route=%2Fwp%2Fv2%2Fmedia&parent=175"}],"curies":[{"name":"wp","href":"https:\/\/api.w.org\/{rel}","templated":true}]}}