{"id":11,"date":"2014-02-11T20:36:56","date_gmt":"2014-02-11T19:36:56","guid":{"rendered":"http:\/\/koradent.eu\/wp\/?page_id=11"},"modified":"2018-07-04T21:38:31","modified_gmt":"2018-07-04T19:38:31","slug":"dojazd","status":"publish","type":"page","link":"https:\/\/koradent.eu\/?page_id=11","title":{"rendered":"Dojazd"},"content":{"rendered":"<p>Gabinety Dentystyczne KORADENT mieszcz\u0105 si\u0119 w budynku przy\u00a0<a href=\"https:\/\/maps.google.com\/?q=ulicy+Pu%C5%82awskiej+233&amp;entry=gmail&amp;source=g\">ulicy Pu\u0142awskiej 233<\/a>\u00a0(\u017c\u00f3\u0142ty budynek przy bazarku Wa\u0142brzyska), pomi\u0119dzy stacj\u0105 metra Wilanowska a S\u0142u\u017cewiec.<\/p>\n<p>Dojazd autobusami nr 189, 193, 317, 401, 402 \u2013 przystanek Metro S\u0142u\u017cew lub Al. Lotnik\u00f3w<\/p>\n<p>Dojazd tramwajami nr 4, 31 &#8211; pomi\u0119dzy przystankami Nied\u017awiedzia a Al. Lotnik\u00f3w.<\/p>\n<p>Parkowanie bezp\u0142atne wzd\u0142u\u017c budynku.<\/p>\n<p>&nbsp;<\/p>\n<p><code><iframe loading=\"lazy\" src=\"https:\/\/maps.google.pl\/maps?f=q&amp;source=s_q&amp;hl=pl&amp;geocode=&amp;q=ul.Pu%C5%82awska+233,+Warszawa.&amp;aq=&amp;sll=52.214128,21.052551&amp;sspn=0.207623,0.528374&amp;ie=UTF8&amp;hq=&amp;hnear=Pu%C5%82awska+233,+Warszawa,+mazowieckie&amp;t=m&amp;ll=52.179985,21.021481&amp;spn=0.025262,0.054932&amp;z=14&amp;iwloc=A&amp;output=embed\" height=\"480\" width=\"640\" frameborder=\"0\" marginwidth=\"0\" marginheight=\"0\" scrolling=\"no\"><\/iframe><br \/>\n<small><a style=\"color: #0000ff; text-align: left;\" href=\"https:\/\/maps.google.pl\/maps?f=q&amp;source=embed&amp;hl=pl&amp;geocode=&amp;q=ul.Pu%C5%82awska+233,+Warszawa.&amp;aq=&amp;sll=52.214128,21.052551&amp;sspn=0.207623,0.528374&amp;ie=UTF8&amp;hq=&amp;hnear=Pu%C5%82awska+233,+Warszawa,+mazowieckie&amp;t=m&amp;ll=52.179985,21.021481&amp;spn=0.025262,0.054932&amp;z=14&amp;iwloc=A\">Wy\u015bwietl wi\u0119ksz\u0105 map\u0119<\/a><\/small><\/code><\/p>\n","protected":false},"excerpt":{"rendered":"<p>Gabinety Dentystyczne KORADENT mieszcz\u0105 si\u0119 w budynku przy\u00a0ulicy Pu\u0142awskiej 233\u00a0(\u017c\u00f3\u0142ty budynek przy bazarku Wa\u0142brzyska), pomi\u0119dzy stacj\u0105 metra Wilanowska a S\u0142u\u017cewiec. Dojazd autobusami nr 189, 193, 317, 401, 402 \u2013 przystanek Metro S\u0142u\u017cew lub Al. Lotnik\u00f3w Dojazd tramwajami nr 4, 31 &#8211; pomi\u0119dzy przystankami Nied\u017awiedzia a Al. Lotnik\u00f3w. Parkowanie bezp\u0142atne wzd\u0142u\u017c budynku. &nbsp; Wy\u015bwietl wi\u0119ksz\u0105 map\u0119<\/p>\n","protected":false},"author":1,"featured_media":0,"parent":0,"menu_order":5,"comment_status":"closed","ping_status":"closed","template":"","meta":{"_themeisle_gutenberg_block_has_review":false,"footnotes":""},"class_list":["post-11","page","type-page","status-publish","hentry"],"_links":{"self":[{"href":"https:\/\/koradent.eu\/index.php?rest_route=\/wp\/v2\/pages\/11","targetHints":{"allow":["GET"]}}],"collection":[{"href":"https:\/\/koradent.eu\/index.php?rest_route=\/wp\/v2\/pages"}],"about":[{"href":"https:\/\/koradent.eu\/index.php?rest_route=\/wp\/v2\/types\/page"}],"author":[{"embeddable":true,"href":"https:\/\/koradent.eu\/index.php?rest_route=\/wp\/v2\/users\/1"}],"replies":[{"embeddable":true,"href":"https:\/\/koradent.eu\/index.php?rest_route=%2Fwp%2Fv2%2Fcomments&post=11"}],"version-history":[{"count":3,"href":"https:\/\/koradent.eu\/index.php?rest_route=\/wp\/v2\/pages\/11\/revisions"}],"predecessor-version":[{"id":146,"href":"https:\/\/koradent.eu\/index.php?rest_route=\/wp\/v2\/pages\/11\/revisions\/146"}],"wp:attachment":[{"href":"https:\/\/koradent.eu\/index.php?rest_route=%2Fwp%2Fv2%2Fmedia&parent=11"}],"curies":[{"name":"wp","href":"https:\/\/api.w.org\/{rel}","templated":true}]}}